{"id":9116,"date":"2015-09-20T22:40:23","date_gmt":"2015-09-20T21:40:23","guid":{"rendered":"http:\/\/www.cartooningforpeace.org\/en\/?page_id=9116"},"modified":"2020-01-21T14:46:02","modified_gmt":"2020-01-21T13:46:02","slug":"legal-notice","status":"publish","type":"page","link":"https:\/\/www.cartooningforpeace.org\/en\/legal-notice\/","title":{"rendered":"Legal Notice"},"content":{"rendered":"<h2>EDITEUR<\/h2>\n<p>Ce site web est \u00e9dit\u00e9 par l\u2019 \u00ab\u00a0Association pour la Fondation Cartooning For Peace \u00bb, association \u00e0 but non lucratif de loi 1901 ; d\u00e9clar\u00e9e le 26\/05\/2008, aupr\u00e8s de la pr\u00e9fecture de Paris,\u00a0 sous le n\u00b0 00186715 dont le num\u00e9ro SIRET est\u00a0509 225 975 00036<\/p>\n<h2>DROITS D\u2019AUTEURS<\/h2>\n<p>En application du Code fran\u00e7ais de la Propri\u00e9t\u00e9 Intellectuelle et, plus g\u00e9n\u00e9ralement, des trait\u00e9s et accords internationaux comportant des dispositions relatives \u00e0 la protection des droits d\u2019auteurs, vous vous interdirez de reproduire pour un usage autre que priv\u00e9 mais aussi de vendre, distribuer, \u00e9mettre, diffuser, adapter, modifier, publier, communiquer int\u00e9gralement ou partiellement, sous quelque forme que ce soit, les donn\u00e9es, la pr\u00e9sentation ou l\u2019organisation du site sans l\u2019autorisation \u00e9crite pr\u00e9alable de Cartooning For Peace \u00a9.<\/p>\n<h2>L\u00c9GISLATION FRAN\u00c7AISE RELATIVE AU DROIT D\u2019ACC\u00c8S AU FICHIER INFORMATIS\u00c9<\/h2>\n<p>Conform\u00e9ment \u00e0 la loi fran\u00e7aise N\u2022 78-17 du 6 janvier 1978 relative \u00e0 l\u2019informatique, aux fichiers et aux libert\u00e9s (CNIL), tout utilisateur ayant d\u00e9pos\u00e9 sur ce site des informations directement ou indirectement nominatives, peut demander la communication des informations nominatives le concernant en s\u2019adressant \u00e0 Cartooning For Peace &#8211;\u00a0 et les faire rectifier le cas \u00e9ch\u00e9ant.<\/p>\n<h2>D\u00c9CHARGE DE RESPONSABILIT\u00c9<\/h2>\n<p>Alors que nous avons effectu\u00e9 toutes les d\u00e9marches pour nous assurer de la fiabilit\u00e9 des informations contenues sur ce site internet, Cartooning For Peace ne peut encourir aucune responsabilit\u00e9 du fait d\u2019erreurs, d\u2019omissions, ou pour les r\u00e9sultats qui pourraient \u00eatre obtenus par l\u2019usage de ces informations.<\/p>\n<p>Cartooning For Peace n\u2019est tenu que d\u2019une obligation de moyens concernant les informations qu\u2019il met \u00e0 disposition des personnes qui acc\u00e8dent \u00e0 son site internet. Par ailleurs, l\u2019usage de liens hypertextes peut conduire votre consultation de notre site vers d\u2019autres serveurs, serveurs sur lesquels Cartooning For Peace n\u2019a aucun contr\u00f4le.<\/p>\n<h2>CONCEPTION ET R\u00c9ALISATION DU SITE :<\/h2>\n<p>Efficience Multim\u00e9dia<br \/>\n34, rue de Turbigo<br \/>\n75 003 Paris<br \/>\n<a href=\"http:\/\/www.efficience.com\/\" target=\"_blank\" rel=\"noopener\">www.efficience.com<\/a><\/p>\n","protected":false},"excerpt":{"rendered":"<p>EDITEUR Ce site web est \u00e9dit\u00e9 par l\u2019 \u00ab\u00a0Association pour la Fondation Cartooning For Peace \u00bb, association \u00e0 but non lucratif de loi 1901 ; d\u00e9clar\u00e9e le 26\/05\/2008, [&hellip;]<\/p>\n","protected":false},"author":1,"featured_media":0,"parent":0,"menu_order":0,"comment_status":"closed","ping_status":"closed","template":"","meta":[],"aioseo_notices":[],"_links":{"self":[{"href":"https:\/\/www.cartooningforpeace.org\/en\/wp-json\/wp\/v2\/pages\/9116"}],"collection":[{"href":"https:\/\/www.cartooningforpeace.org\/en\/wp-json\/wp\/v2\/pages"}],"about":[{"href":"https:\/\/www.cartooningforpeace.org\/en\/wp-json\/wp\/v2\/types\/page"}],"author":[{"embeddable":true,"href":"https:\/\/www.cartooningforpeace.org\/en\/wp-json\/wp\/v2\/users\/1"}],"replies":[{"embeddable":true,"href":"https:\/\/www.cartooningforpeace.org\/en\/wp-json\/wp\/v2\/comments?post=9116"}],"version-history":[{"count":2,"href":"https:\/\/www.cartooningforpeace.org\/en\/wp-json\/wp\/v2\/pages\/9116\/revisions"}],"predecessor-version":[{"id":21584,"href":"https:\/\/www.cartooningforpeace.org\/en\/wp-json\/wp\/v2\/pages\/9116\/revisions\/21584"}],"wp:attachment":[{"href":"https:\/\/www.cartooningforpeace.org\/en\/wp-json\/wp\/v2\/media?parent=9116"}],"curies":[{"name":"wp","href":"https:\/\/api.w.org\/{rel}","templated":true}]}}