{"id":16984,"date":"2018-01-18T11:32:32","date_gmt":"2018-01-18T10:32:32","guid":{"rendered":"http:\/\/www.cartooningforpeace.org\/en\/?page_id=16984"},"modified":"2025-02-26T12:28:04","modified_gmt":"2025-02-26T11:28:04","slug":"international-projects","status":"publish","type":"page","link":"https:\/\/www.cartooningforpeace.org\/en\/international-projects\/","title":{"rendered":"Projects in the World"},"content":{"rendered":"<p style=\"text-align: justify;\"><img loading=\"lazy\" class=\" wp-image-47936 alignleft\" src=\"https:\/\/www.cartooningforpeace.org\/wp-content\/uploads\/2023\/07\/CartooningforPeace155041-scaled.jpg\" alt=\"\" width=\"379\" height=\"309\" srcset=\"https:\/\/www.cartooningforpeace.org\/wp-content\/uploads\/2023\/07\/CartooningforPeace155041-scaled.jpg 2560w, https:\/\/www.cartooningforpeace.org\/wp-content\/uploads\/2023\/07\/CartooningforPeace155041-300x244.jpg 300w, https:\/\/www.cartooningforpeace.org\/wp-content\/uploads\/2023\/07\/CartooningforPeace155041-1024x834.jpg 1024w, https:\/\/www.cartooningforpeace.org\/wp-content\/uploads\/2023\/07\/CartooningforPeace155041-768x626.jpg 768w, https:\/\/www.cartooningforpeace.org\/wp-content\/uploads\/2023\/07\/CartooningforPeace155041-1536x1251.jpg 1536w, https:\/\/www.cartooningforpeace.org\/wp-content\/uploads\/2023\/07\/CartooningforPeace155041-2048x1669.jpg 2048w\" sizes=\"(max-width: 379px) 100vw, 379px\" \/><\/p>\n<p>&nbsp;<\/p>\n<p style=\"text-align: justify;\">Cartooning for Peace is a recognised content publisher <strong>specialised in media education, citizenship and international solidarity.<\/strong> The organisation develops education through press cartoons in order to free the speech and <strong>support debates on subjects of society.<\/strong><\/p>\n<p>&nbsp;<\/p>\n<p style=\"text-align: justify;\">Internationally, through its programmes, Cartooning for Peace enables education professionals to familiarise themselves with its tools and to learn about the teaching methods used in its workshops with schoolchildren.<\/p>\n<p style=\"text-align: justify;\">Training courses are organised in the form of exchanges between cartoonists and formal or popular education professionals.<\/p>\n<p>&nbsp;<\/p>\n<p><em><strong>Cartoon: Donnelly (USA)<\/strong><\/em><\/p>\n<p>&nbsp;<\/p>\n<hr \/>\n<p style=\"text-align: justify;\"><span style=\"color: #ffffff;\">f<\/span><\/p>\n<ul>\n<li style=\"text-align: justify;\"><strong>Discover the <a href=\"https:\/\/www.cartooningforpeace.org\/wp-content\/uploads\/2022\/05\/00-FINAL-PEDAGOGICAL-BOOKLET-V2.pdf\">&#8220;Cartooning for Peace and Democracy&#8221; educational booklet<\/a>, offering tools to use education through press cartoons in English.<\/strong><\/li>\n<\/ul>\n<p>&nbsp;<\/p>\n<ul>\n<li style=\"text-align: justify;\"><strong>Discover the <a href=\"https:\/\/www.cartooningforpeace.org\/en\/projetsint\/cartooning-for-peace-and-democracy-figures-and-pictures\/\" target=\"_blank\" rel=\"noopener noreferrer\">&#8220;Cartooning for Peace and Democracy&#8221; educational exhibitions<\/a>, created in nine countries &#8211; Morocco, Palestine, Israel, Tunisia, Burkina Faso, C\u00f4te d&#8217;Ivoire, Mexico, Canada and Ethiopia &#8211; in different languages.<\/strong><\/li>\n<\/ul>\n<p>&nbsp;<\/p>\n<hr \/>\n<p>&nbsp;<\/p>\n<ul style=\"text-align: justify;\">\n<li>\n<h2><span style=\"color: #138bc7;\">The &#8220;To Kplon Nou&#8221; programme in Benin (2024-2025)<\/span><\/h2>\n<\/li>\n<\/ul>\n<p style=\"text-align: justify;\">The\u00a0<a href=\"https:\/\/www.leolagrange.org\/\" target=\"_blank\" rel=\"noopener noreferrer\">F\u00e9d\u00e9ration L\u00e9o Lagrange<\/a>\u00a0and Cartooning for Peace are once again teaming up on a new project, \u201cTo Kplon Nou\u201d, to\u00a0\u201coffer the people of Benin a comprehensive educational offering to encourage links between local people, their self-fulfilment and their civic commitment\u201d.<\/p>\n<p style=\"text-align: justify;\"><a href=\"https:\/\/www.cartooningforpeace.org\/en\/projetsint\/to-kplon-nou-benin\/\" target=\"_blank\" rel=\"noopener noreferrer\">More information<\/a><\/p>\n<p>&nbsp;<\/p>\n<ul>\n<li>\n<h2 style=\"text-align: justify;\"><span style=\"color: #138bc7;\">The &#8220;Cartooning for Africa Facts&#8221; programme on the African continent (2023-2025)<\/span><\/h2>\n<\/li>\n<\/ul>\n<p class=\"Corps\" style=\"text-align: justify;\">Cartooning for Peace is working with\u00a0<a href=\"https:\/\/cfi.fr\/en\" target=\"_blank\" rel=\"noopener noreferrer\">CFI<\/a>\u00a0and\u00a0<a href=\"https:\/\/africacheck.org\/\" target=\"_blank\" rel=\"noopener noreferrer\">Africa Check<\/a>\u00a0on the \u201cCartooning for Africa Facts\u201d project to combat misinformation and hate speech on the African continent.<\/p>\n<p style=\"text-align: justify;\"><a href=\"https:\/\/www.cartooningforpeace.org\/en\/projetsint\/cartooning-for-africa-facts\/\" target=\"_blank\" rel=\"noopener noreferrer\">More information<\/a><\/p>\n<p>&nbsp;<\/p>\n<ul style=\"text-align: justify;\">\n<li>\n<h2><span style=\"color: #138bc7;\">The &#8220;Cartooning for Peace and Democracy&#8221; programme in Kenya (2022)<\/span><\/h2>\n<\/li>\n<\/ul>\n<p style=\"text-align: justify;\">Cartooning for Peace (France) and Buni Media (Kenya) launch a civic education programme using press cartoons with European and African dimensions around the World Press Freedom Day, 3 May 2022, and in the context of the Kenyan elections in August 2022.<\/p>\n<p style=\"text-align: justify;\"><a href=\"https:\/\/www.cartooningforpeace.org\/en\/evenements\/cartooning-for-peace-and-democracy\/\">More information<\/a><\/p>\n<p>&nbsp;<\/p>\n<ul style=\"text-align: justify;\">\n<li>\n<h2><span style=\"color: #138bc7;\">The &#8220;Covid in cartoons&#8221; programme, with the University of Leicester and Shout Out UK (2021)<\/span><\/h2>\n<\/li>\n<\/ul>\n<p style=\"text-align: justify;\"><a href=\"https:\/\/le.ac.uk\/covid-in-cartoons\/about\" target=\"_blank\" rel=\"noopener noreferrer\">The University of Leicester<\/a>, <a href=\"https:\/\/www.shoutoutuk.org\/covid-in-cartoons\/\">Shout Out UK<\/a> and Cartooning for Peace are pleased to partner on the &#8220;Covid in Cartoons&#8221; educational project, funded by the United Kingdom Research and Innovation, to give young people the tools to share their experiences during the Covid19 pandemic through the medium of press cartoons.<\/p>\n<p style=\"text-align: justify;\"><a href=\"https:\/\/www.cartooningforpeace.org\/en\/projetsint\/covid-in-cartoons-educational-project-with-the-university-of-leicester-and-shout-out-uk\/\">More information<\/a><\/p>\n<p>&nbsp;<\/p>\n<ul style=\"text-align: justify;\">\n<li>\n<h2><span style=\"color: #138bc7;\">The &#8220;Cartoons and citizenship: Cartooning for Peace and <\/span><span style=\"color: #138bc7;\">Peaceful Elections <\/span><span style=\"color: #138bc7;\">in C\u00f4te d&#8217;Ivoire&#8221; programme (2020-2021)<\/span><\/h2>\n<\/li>\n<\/ul>\n<p style=\"text-align: justify;\">With the support of the <a href=\"https:\/\/www.eeas.europa.eu\/cote-divoire\/european-union-and-cote-divoire_en?s=196\">European Union in C\u00f4te d&#8217;Ivoire<\/a>, this two-year project puts press cartoons at the heart of an approach aimed at promoting freedom of expression and strengthening democratic culture while fighting against exclusionary discourse and disinformation in the Ivorian electoral context. The project targets young people in C\u00f4te d&#8217;Ivoire through education in citizenship, media and information, with a view to the forthcoming elections, but also to make them ambassadors of a democratic culture for the whole of Ivorian society.<\/p>\n<p style=\"text-align: justify;\"><a href=\"https:\/\/www.cartooningforpeace.org\/en\/projetsint\/cartoons-and-citizenship-ivory-coast\/\">More information<\/a><\/p>\n<p>&nbsp;<\/p>\n<ul style=\"text-align: justify;\">\n<li style=\"text-align: justify;\">\n<h2><span style=\"color: #138bc7;\">The &#8220;Cartooning for Peace and Democracy&#8221; programme (2016-2019)<\/span><\/h2>\n<\/li>\n<\/ul>\n<p style=\"text-align: justify;\">Through media and citizenship education for young and so-called sensitive audiences, the &#8220;Cartooning for Peace and Democracy&#8221; programme explores the possibility of promoting a culture of peace and democracy through press cartoons in <strong>nine priority countries:<\/strong>\u00a0<a href=\"http:\/\/www.cartooningforpeace.org\/en\/projetsint\/morocco\/\">Morocco<\/a>,\u00a0<a href=\"http:\/\/www.cartooningforpeace.org\/en\/projetsint\/palestine\/\">Palestine<\/a>, <a href=\"https:\/\/www.cartooningforpeace.org\/projetsint\/israel\/?lang=en\">Israel<\/a>, <a href=\"http:\/\/www.cartooningforpeace.org\/en\/projetsint\/tunisia\/\">Tunisia<\/a>, <a href=\"http:\/\/www.cartooningforpeace.org\/en\/projetsint\/burkina-faso\/\">Burkina Faso<\/a>, <a href=\"http:\/\/www.cartooningforpeace.org\/en\/projetsint\/ivory-coast\/\">C\u00f4te d&#8217;Ivoire<\/a>, <a href=\"https:\/\/www.cartooningforpeace.org\/en\/projetsint\/mexico\/\" target=\"_blank\" rel=\"noopener noreferrer\">Mexico<\/a>,\u00a0<a href=\"https:\/\/www.cartooningforpeace.org\/projetsint\/canada\/\" target=\"_blank\" rel=\"noopener noreferrer\">Canada<\/a>\u00a0and <a href=\"https:\/\/www.cartooningforpeace.org\/en\/projetsint\/ethiopia\/\" target=\"_blank\" rel=\"noopener noreferrer\">Ethiopia<\/a>, with the support of the <a href=\"https:\/\/commission.europa.eu\/index_en\">European Union<\/a>.<\/p>\n<p style=\"text-align: justify;\"><a href=\"https:\/\/www.cartooningforpeace.org\/en\/projetsint\/cartooning-for-peace-and-democracy-figures-and-pictures\/\">More information<\/a><\/p>\n","protected":false},"excerpt":{"rendered":"<p>&nbsp; Cartooning for Peace is a recognised content publisher specialised in media education, citizenship and international solidarity. The organisation develops education through press cartoons in order to free [&hellip;]<\/p>\n","protected":false},"author":1,"featured_media":0,"parent":0,"menu_order":0,"comment_status":"closed","ping_status":"closed","template":"catalogue-projets-educatifs-int.php","meta":[],"aioseo_notices":[],"_links":{"self":[{"href":"https:\/\/www.cartooningforpeace.org\/en\/wp-json\/wp\/v2\/pages\/16984"}],"collection":[{"href":"https:\/\/www.cartooningforpeace.org\/en\/wp-json\/wp\/v2\/pages"}],"about":[{"href":"https:\/\/www.cartooningforpeace.org\/en\/wp-json\/wp\/v2\/types\/page"}],"author":[{"embeddable":true,"href":"https:\/\/www.cartooningforpeace.org\/en\/wp-json\/wp\/v2\/users\/1"}],"replies":[{"embeddable":true,"href":"https:\/\/www.cartooningforpeace.org\/en\/wp-json\/wp\/v2\/comments?post=16984"}],"version-history":[{"count":44,"href":"https:\/\/www.cartooningforpeace.org\/en\/wp-json\/wp\/v2\/pages\/16984\/revisions"}],"predecessor-version":[{"id":55647,"href":"https:\/\/www.cartooningforpeace.org\/en\/wp-json\/wp\/v2\/pages\/16984\/revisions\/55647"}],"wp:attachment":[{"href":"https:\/\/www.cartooningforpeace.org\/en\/wp-json\/wp\/v2\/media?parent=16984"}],"curies":[{"name":"wp","href":"https:\/\/api.w.org\/{rel}","templated":true}]}}